{"id":9401,"date":"2024-01-22T21:18:10","date_gmt":"2024-01-22T20:18:10","guid":{"rendered":"https:\/\/sunvig.com\/cookie-erklaering\/"},"modified":"2025-03-28T11:04:51","modified_gmt":"2025-03-28T10:04:51","slug":"cookie-erklaering","status":"publish","type":"page","link":"https:\/\/staging.sunvig.com\/no\/cookie-erklaering\/","title":{"rendered":"Cookie-erkl\u00e6ring"},"content":{"rendered":"\t\t<div data-elementor-type=\"wp-page\" data-elementor-id=\"9401\" class=\"elementor elementor-9401 elementor-694\" data-elementor-post-type=\"page\">\n\t\t\t\t<div class=\"elementor-element elementor-element-71e5265 e-flex e-con-boxed e-con e-parent\" data-id=\"71e5265\" data-element_type=\"container\" data-e-type=\"container\" data-settings=\"{&quot;background_background&quot;:&quot;gradient&quot;,&quot;jet_parallax_layout_list&quot;:[],&quot;shape_divider_bottom&quot;:&quot;curve&quot;,&quot;shape_divider_bottom_negative&quot;:&quot;yes&quot;}\">\n\t\t\t\t\t<div class=\"e-con-inner\">\n\t\t\t\t<div class=\"elementor-shape elementor-shape-bottom\" aria-hidden=\"true\" data-negative=\"true\">\n\t\t\t<svg xmlns=\"http:\/\/www.w3.org\/2000\/svg\" viewBox=\"0 0 1000 100\" preserveAspectRatio=\"none\">\n\t<path class=\"elementor-shape-fill\" d=\"M500,97C126.7,96.3,0.8,19.8,0,0v100l1000,0V1C1000,19.4,873.3,97.8,500,97z\"\/>\n<\/svg>\t\t<\/div>\n\t\t\t\t\t<\/div>\n\t\t\t\t<\/div>\n\t\t<div class=\"elementor-element elementor-element-9106183 e-flex e-con-boxed e-con e-parent\" data-id=\"9106183\" data-element_type=\"container\" data-e-type=\"container\" data-settings=\"{&quot;jet_parallax_layout_list&quot;:[]}\">\n\t\t\t\t\t<div class=\"e-con-inner\">\n\t\t\t\t<div class=\"elementor-element elementor-element-5334ace elementor-widget elementor-widget-text-editor\" data-id=\"5334ace\" data-element_type=\"widget\" data-e-type=\"widget\" data-widget_type=\"text-editor.default\">\n\t\t\t\t<div class=\"elementor-widget-container\">\n\t\t\t\t\t\t\t\t\t\n<ol>\n \t<li>Dette nettstedet www.sunvig.com bruker informasjonskapsler. En informasjonskapsel er en enkel liten fil som sendes med sidene p\u00e5 dette nettstedet og\/eller Flash-applikasjoner og lagres av nettleseren din p\u00e5 harddisken til datamaskinen, mobiltelefonen, smartklokken eller nettbrettet ditt. Informasjonen som lagres der kan sendes tilbake til v\u00e5re servere ved ditt neste bes\u00f8k.  <\/li>\n<\/ol>\n<p class=\"has-primary-color has-text-color\">Bruken av informasjonskapsler er veldig viktig for at nettstedet v\u00e5rt skal fungere riktig, men ogs\u00e5 informasjonskapsler hvis effekt du ikke umiddelbart ser, er veldig viktige. Takket v\u00e6re den (anonyme) inputen fra bes\u00f8kende, kan vi forbedre bruken av nettstedet og gj\u00f8re det mer brukervennlig. <\/p>\n\n<ol class=\"has-primary-color has-text-color\" start=\"2\">\n \t<li>SAMTYKKE TIL BRUKEN AV INFORMASJONSKAPSLER<\/li>\n<\/ol>\n<p class=\"has-primary-color has-text-color\">For bruken av enkelte informasjonskapsler kreves ditt samtykke. Dette gj\u00f8r vi ved hjelp av et s\u00e5kalt informasjonskapsel-banner. <\/p>\n\n<ol class=\"has-primary-color has-text-color\" start=\"3\">\n \t<li>TYPER INFORMASJONSKAPSLER OG DERES FORM\u00c5L<\/li>\n<\/ol>\n<p class=\"has-primary-color has-text-color\">Vi bruker f\u00f8lgende typer informasjonskapsler:<\/p>\n<p class=\"has-primary-color has-text-color\">Funksjonelle informasjonskapsler: disse gj\u00f8r at nettstedet fungerer bedre og er mer brukervennlig for bes\u00f8kende. For eksempel: vi lagrer p\u00e5loggingsdetaljene dine eller hva du legger i handlekurven. <\/p>\n\n<ul class=\"has-primary-color has-text-color\">\n \t<li>Anonyme analytiske informasjonskapsler: disse s\u00f8rger for at det genereres en anonym informasjonskapsel hver gang du bes\u00f8ker et nettsted. Disse informasjonskapslene vet om du har bes\u00f8kt siden f\u00f8r eller ikke. Kun ved f\u00f8rste bes\u00f8k opprettes en informasjonskapsel, ved p\u00e5f\u00f8lgende bes\u00f8k brukes den allerede eksisterende informasjonskapselen. Denne informasjonskapselen brukes kun til statistiske form\u00e5l. Dermed kan f\u00f8lgende data samles inn:    <\/li>\n \t<li>antall unike bes\u00f8kende<\/li>\n \t<li>hvor ofte brukere bes\u00f8ker nettstedet<\/li>\n \t<li>hvilke sider brukere ser p\u00e5<\/li>\n \t<li>hvor lenge brukere ser p\u00e5 en bestemt side<\/li>\n \t<li>P\u00e5 hvilken side bes\u00f8kende forlater nettstedet<\/li>\n \t<li>Analytiske informasjonskapsler: disse s\u00f8rger for at det genereres en informasjonskapsel hver gang du bes\u00f8ker et nettsted. Disse informasjonskapslene vet om du har bes\u00f8kt nettstedet f\u00f8r eller ikke. Kun ved f\u00f8rste bes\u00f8k genereres en informasjonskapsel, ved p\u00e5f\u00f8lgende bes\u00f8k brukes den allerede eksisterende informasjonskapselen. Denne informasjonskapselen brukes kun til statistiske form\u00e5l. Den kan brukes til \u00e5 samle inn f\u00f8lgende data, som:    <\/li>\n \t<li>hvilke sider du har sett p\u00e5<\/li>\n \t<li>hvor lenge du ble p\u00e5 en bestemt side<\/li>\n \t<li>Hvilken side du forlot nettstedet p\u00e5<\/li>\n \t<li>Egne sporingsinformasjonkapsler: disse gj\u00f8r at vi kan vite at du, i tillegg til v\u00e5rt nettsted, har bes\u00f8kt andre nettsted(er) i v\u00e5rt nettverk. Profilen som bygges opp som et resultat er ikke knyttet til ditt navn, adresse, e-postadresse og lignende, men brukes kun for \u00e5 tilpasse annonser til din profil, slik at de er s\u00e5 relevante for deg som mulig. For disse informasjonskapslene ber vi om ditt samtykke. Uten ditt samtykke vil disse informasjonskapslene ikke bli plassert.   <\/li>\n \t<li>Sporingsinformasjonkapsler fra andre: disse holder oversikt over sidene du bes\u00f8ker p\u00e5 internett for \u00e5 bygge din personlige profil. Denne profilen er ikke knyttet til ditt navn, adresse, e-postadresse og lignende som vi kjenner til, men brukes kun for \u00e5 tilpasse annonser til din profil, slik at de er s\u00e5 relevante for deg som mulig. For disse informasjonskapslene ber vi om ditt samtykke. Uten ditt samtykke vil disse informasjonskapslene ikke bli plassert.   <\/li>\n \t<li>Sosiale medier-relaterte informasjonskapsler: disse registrerer hvilke artikler og sider du deler via deres delingsknapper for sosiale medier, som Facebook og LinkedIn. De kan ogs\u00e5 inneholde sporingsinformasjonkapsler som f\u00f8lger surfingen din p\u00e5 nettet. <\/li>\n \t<li>Nettstedforbedringsinformasjonkapsler\/optimaliseringsinformasjonkapsler: disse lar oss teste forskjellige versjoner av en nettside for \u00e5 se hvilken som blir best bes\u00f8kt.<\/li>\n<\/ul>\n<ol class=\"has-primary-color has-text-color\" start=\"4\">\n \t<li>DINE RETTIGHETER I FORHOLD TIL DINE DATA<\/li>\n<\/ol>\n<p class=\"has-primary-color has-text-color\">Du har rett til \u00e5 f\u00e5 tilgang til, rette, begrense og slette personopplysninger. I tillegg har du rett til \u00e5 motsette deg behandlingen av personopplysninger og rett til dataportabilitet. Du kan ut\u00f8ve disse rettighetene ved \u00e5 sende en e-post til <a href=\"mailto:support@sunvig.com\">support@sunvig.com<\/a>. For \u00e5 hindre misbruk kan vi be deg om \u00e5 identifisere deg tilstrekkelig. N\u00e5r det gjelder tilgang til personopplysninger knyttet til en informasjonskapsel, ber vi deg sende en kopi av den aktuelle informasjonskapselen. Du kan finne dette i innstillingene til nettleseren din.     <\/p>\n\n<ol class=\"has-primary-color has-text-color\" start=\"5\">\n \t<li>BLOKTERING OG SLETTING AV INFORMASJONSKAPSLER<\/li>\n<\/ol>\n<p class=\"has-primary-color has-text-color\">Du kan enkelt blokkere og slette informasjonskapsler selv n\u00e5r som helst ved \u00e5 bruke nettleseren din. Du kan ogs\u00e5 stille inn nettleseren din slik at du f\u00e5r en melding n\u00e5r en informasjonskapsel plasseres. Du kan ogs\u00e5 angi at visse informasjonskapsler ikke skal plasseres. For denne muligheten, se hjelpfunktionen i nettleseren din. Sletting av informasjonskapsler i nettleseren kan ha konsekvenser for den behagelige bruken av dette nettstedet.    <\/p>\n<p class=\"has-primary-color has-text-color\">Hvordan du kan justere innstillingene dine, varierer per nettleser. Hvis n\u00f8dvendig, kan du konsultere hjelpfunktionen i nettleseren din, eller klikke p\u00e5 en av lenkene nedenfor for \u00e5 g\u00e5 direkte til manualen for nettleseren din. <\/p>\n\n<ul class=\"has-primary-color has-text-color\">\n \t<li><a href=\"https:\/\/support.google.com\/chrome\/answer\/95647?hl=nl\">Chrome<\/a><\/li>\n \t<li><a href=\"https:\/\/support.apple.com\/nl-nl\/HT201265\">Safari<\/a><\/li>\n \t<li><a href=\"https:\/\/support.mozilla.org\/nl\/kb\/cookies-verwijderen-gegevens-wissen-websites-opgeslagen\">Firefox<\/a><\/li>\n \t<li><a href=\"https:\/\/support.microsoft.com\/en-us\/windows\/microsoft-edge-browsing-data-and-privacy-bb8174ba-9d73-dcf2-9b4a-c582b4e640dd\">Internet Explorer Edge<\/a><\/li>\n<\/ul>\n<p class=\"has-primary-color has-text-color\"><strong>Slette informasjonskapselhistorikk<\/strong><\/p>\n<p class=\"has-primary-color has-text-color\">Hvis du har valgt \u00e5 &#8216;avvise markedsf\u00f8ringsinformasjonskapsler&#8217; ovenfor, vil disse informasjonskapslene ikke lenger bli plassert fra da av. Hvis du ogs\u00e5 vil slette informasjonskapselhistorikken din, kan du gj\u00f8re det for de forskjellige nettleserne p\u00e5 m\u00e5ten nedenfor. <\/p>\n\n<h4 class=\"wp-block-heading has-primary-color has-text-color\">SLETT INFORMASJONSKAPSLER I CHROME:<\/h4>\n<ul class=\"has-primary-color has-text-color\">\n \t<li>Klikk p\u00e5 de 3 prikkene \u00f8verst til h\u00f8yre. Klikk p\u00e5 Historikk&gt;T\u00f8m nettleserdata. <\/li>\n \t<li>I menyen \u2018T\u00f8m nettleserdata\u2019 har du muligheten \u00f8verst til \u00e5 t\u00f8mme nettleserdata fra f\u00f8rste bruk til bare den siste timen. Under dette velger du hvilke elementer du vil slette. I alle tilfeller huker du av for \u2018Informasjonskapsler og annen nettsted- og pluginndata\u2019.  <\/li>\n \t<li>Trykk p\u00e5 knappen \u2018T\u00f8m nettleserdata\u2019.<\/li>\n<\/ul>\n<h4 class=\"wp-block-heading has-primary-color has-text-color\">SLETTING AV INFORMASJONSKAPSLER I SAFARI:<\/h4>\n<ul class=\"has-primary-color has-text-color\">\n \t<li>\u00c5pne Safari og g\u00e5 til Safari &gt; Preferanser &gt; Personvern &gt; Slett lagrede informasjonskapsler og data &gt; Administrer nettsteddata &gt; Slett alt.<\/li>\n<\/ul>\n<h4 class=\"wp-block-heading has-primary-color has-text-color\">SLETT INFORMASJONSKAPSLER I FIREFOX:<\/h4>\n<ul class=\"has-primary-color has-text-color\">\n \t<li>Klikk p\u00e5 de 3 strekene \u00f8verst til h\u00f8yre, klikk p\u00e5 Alternativer &gt; Personvern &gt; Slett individuelle informasjonskapsler.<\/li>\n \t<li>Klikk p\u00e5 Slett alt.<\/li>\n<\/ul>\n<h4 class=\"wp-block-heading has-primary-color has-text-color\">SLETT INFORMASJONSKAPSLER I MICROSOFT EDGE:<\/h4>\n<ul class=\"has-primary-color has-text-color\">\n \t<li>Klikk p\u00e5 de 3 prikkene \u00f8verst til h\u00f8yre &gt; <br> Innstillinger. Under \u2018T\u00f8m nettleserdata\u2019, klikk p\u00e5 alternativet \u2018Velg hva som skal slettes\u2019. <\/li>\n \t<li>Velg informasjonskapslene (forh\u00e5ndsvalgt) &gt; Trykk p\u00e5 \u2018Slett\u2019-knappen.<\/li>\n<\/ul>\n<h4 class=\"wp-block-heading has-primary-color has-text-color\">SLETT INFORMASJONSKAPSLER I INTERNETT EXPLORER:<\/h4>\n<ul class=\"has-primary-color has-text-color\">\n \t<li>Klikk p\u00e5 tannhjulet \u00f8verst til h\u00f8yre &gt; velg Internett-alternativer &gt; Generelt-fanen. Under \u2018Nettleserhistorikk\u2019, klikk p\u00e5 \u2018Slett\u2019. <\/li>\n \t<li>\u00d8nsker du ikke \u00e5 slette alt? Da kan du i det minste merke av for \u2018Informasjonskapsler og nettsteddata\u2019 og klikke p\u00e5 \u2018Slett\u2019. <\/li>\n<\/ul>\n<ol class=\"has-primary-color has-text-color\" start=\"6\">\n \t<li>NYE UTVIKLINGER OG UFORUTSETE INFORMASJONSKAPSLER<\/li>\n<\/ol>\n<p class=\"has-primary-color has-text-color\">Tekstene p\u00e5 nettstedet v\u00e5rt kan endres n\u00e5r som helst p\u00e5 grunn av p\u00e5g\u00e5ende utvikling. Dette gjelder ogs\u00e5 v\u00e5r informasjonskapsel-erkl\u00e6ring. Derfor ber vi deg lese denne erkl\u00e6ringen jevnlig for \u00e5 holde deg informert om eventuelle endringer.  <\/p>\n<p class=\"has-primary-color has-text-color\">I blogginnlegg kan innhold som er vert p\u00e5 andre nettsteder og tilgjengelig p\u00e5 www.sunvig.com ved hjelp av visse koder (innbeddet innhold) brukes. Tenk for eksempel p\u00e5 YouTube-videoer. Disse kodene bruker ofte informasjonskapsler. Vi har imidlertid ingen kontroll over hva disse tredjepartene gj\u00f8r med sine informasjonskapsler.   <\/p>\n<p class=\"has-primary-color has-text-color\">Det er ogs\u00e5 mulig at gjennom v\u00e5re nettsteder blir det plassert informasjonskapsler av andre, som vi ikke alltid er klar over. Kommer du over uforutsette informasjonskapsler p\u00e5 nettstedet v\u00e5rt som du ikke finner i v\u00e5r oversikt? Vennligst gi oss beskjed via support@sunvig.com. Du kan ogs\u00e5 kontakte tredjeparten direkte og sp\u00f8rre hvilke informasjonskapsler de har plassert, grunnen til dette, informasjonskapselens levetid og hvordan de har garantert ditt personvern.   <\/p>\n\n<ol class=\"has-primary-color has-text-color\" start=\"7\">\n \t<li>AVSLUTTENDE MERKNADER<\/li>\n<\/ol>\n<p class=\"has-primary-color has-text-color\">Vi m\u00e5 justere disse uttalelsene fra tid til annen, for eksempel n\u00e5r vi justerer nettstedet v\u00e5rt eller n\u00e5r reglene rundt informasjonskapsler endres. Du kan konsultere denne nettsiden for den nyeste versjonen. <\/p>\n<p class=\"has-primary-color has-text-color\">Hvis du har noen sp\u00f8rsm\u00e5l og\/eller merknader, vennligst kontakt <a href=\"mailto:support@sunvig.com\">support@sunvig.com<\/a> .<\/p>\n<p class=\"has-primary-color has-text-color\">April 15, 2021 \u2013 SUNVIG B.V.<\/p>\t\t\t\t\t\t\t\t<\/div>\n\t\t\t\t<\/div>\n\t\t\t\t\t<\/div>\n\t\t\t\t<\/div>\n\t\t\t\t<\/div>\n\t\t","protected":false},"excerpt":{"rendered":"<p>Dette nettstedet www.sunvig.com bruker informasjonskapsler. En informasjonskapsel er en enkel liten fil som sendes med sidene p\u00e5 dette nettstedet og\/eller Flash-applikasjoner og lagres av nettleseren din p\u00e5 harddisken til datamaskinen, mobiltelefonen, smartklokken eller nettbrettet ditt. Informasjonen som lagres der kan sendes tilbake til v\u00e5re servere ved ditt neste bes\u00f8k. Bruken av informasjonskapsler er veldig viktig [&hellip;]<\/p>\n","protected":false},"author":2,"featured_media":0,"parent":0,"menu_order":0,"comment_status":"closed","ping_status":"closed","template":"","meta":{"_acf_changed":false,"_improvement_type_select":"improve_an_existing","_thumb_yes_seoaic":false,"_frame_yes_seoaic":false,"seoaic_generate_description":"","seoaic_improve_instructions_prompt":"","seoaic_rollback_content_improvement":"","seoaic_idea_thumbnail_generator":"","thumbnail_generated":false,"thumbnail_generate_prompt":"","seoaic_article_description":"","footnotes":""},"class_list":["post-9401","page","type-page","status-publish","hentry"],"acf":[],"yoast_head":"<!-- This site is optimized with the Yoast SEO Premium plugin v25.3.1 (Yoast SEO v27.1.1) - https:\/\/yoast.com\/product\/yoast-seo-premium-wordpress\/ -->\n<title>Cookie-erkl\u00e6ring - SUNVIG<\/title>\n<meta name=\"robots\" content=\"noindex, follow, max-snippet:-1, max-image-preview:large, max-video-preview:-1\" \/>\n<meta property=\"og:locale\" content=\"nb_NO\" \/>\n<meta property=\"og:type\" content=\"article\" \/>\n<meta property=\"og:title\" content=\"Cookie-erkl\u00e6ring\" \/>\n<meta property=\"og:description\" content=\"Dette nettstedet www.sunvig.com bruker informasjonskapsler. En informasjonskapsel er en enkel liten fil som sendes med sidene p\u00e5 dette nettstedet og\/eller Flash-applikasjoner og lagres av nettleseren din p\u00e5 harddisken til datamaskinen, mobiltelefonen, smartklokken eller nettbrettet ditt. Informasjonen som lagres der kan sendes tilbake til v\u00e5re servere ved ditt neste bes\u00f8k. Bruken av informasjonskapsler er veldig viktig [&hellip;]\" \/>\n<meta property=\"og:url\" content=\"https:\/\/staging.sunvig.com\/no\/cookie-erklaering\/\" \/>\n<meta property=\"og:site_name\" content=\"SUNVIG\" \/>\n<meta property=\"article:modified_time\" content=\"2025-03-28T10:04:51+00:00\" \/>\n<meta name=\"twitter:card\" content=\"summary_large_image\" \/>\n<meta name=\"twitter:label1\" content=\"Ansl. lesetid\" \/>\n\t<meta name=\"twitter:data1\" content=\"6 minutter\" \/>\n<script type=\"application\/ld+json\" class=\"yoast-schema-graph\">{\"@context\":\"https:\/\/schema.org\",\"@graph\":[{\"@type\":\"WebPage\",\"@id\":\"https:\/\/staging.sunvig.com\/no\/cookie-erklaering\/\",\"url\":\"https:\/\/staging.sunvig.com\/no\/cookie-erklaering\/\",\"name\":\"Cookie-erkl\u00e6ring - SUNVIG\",\"isPartOf\":{\"@id\":\"https:\/\/staging.sunvig.com\/no\/#website\"},\"datePublished\":\"2024-01-22T20:18:10+00:00\",\"dateModified\":\"2025-03-28T10:04:51+00:00\",\"breadcrumb\":{\"@id\":\"https:\/\/staging.sunvig.com\/no\/cookie-erklaering\/#breadcrumb\"},\"inLanguage\":\"nb-NO\",\"potentialAction\":[{\"@type\":\"ReadAction\",\"target\":[\"https:\/\/staging.sunvig.com\/no\/cookie-erklaering\/\"]}]},{\"@type\":\"BreadcrumbList\",\"@id\":\"https:\/\/staging.sunvig.com\/no\/cookie-erklaering\/#breadcrumb\",\"itemListElement\":[{\"@type\":\"ListItem\",\"position\":1,\"name\":\"Home\",\"item\":\"https:\/\/staging.sunvig.com\/no\/hjem\/\"},{\"@type\":\"ListItem\",\"position\":2,\"name\":\"Cookie-erkl\u00e6ring\"}]},{\"@type\":\"WebSite\",\"@id\":\"https:\/\/staging.sunvig.com\/no\/#website\",\"url\":\"https:\/\/staging.sunvig.com\/no\/\",\"name\":\"SUNVIG\",\"description\":\"Karaoke Solutions\",\"potentialAction\":[{\"@type\":\"SearchAction\",\"target\":{\"@type\":\"EntryPoint\",\"urlTemplate\":\"https:\/\/staging.sunvig.com\/no\/?s={search_term_string}\"},\"query-input\":{\"@type\":\"PropertyValueSpecification\",\"valueRequired\":true,\"valueName\":\"search_term_string\"}}],\"inLanguage\":\"nb-NO\"}]}<\/script>\n<!-- \/ Yoast SEO Premium plugin. -->","yoast_head_json":{"title":"Cookie-erkl\u00e6ring - SUNVIG","robots":{"index":"noindex","follow":"follow","max-snippet":"max-snippet:-1","max-image-preview":"max-image-preview:large","max-video-preview":"max-video-preview:-1"},"og_locale":"nb_NO","og_type":"article","og_title":"Cookie-erkl\u00e6ring","og_description":"Dette nettstedet www.sunvig.com bruker informasjonskapsler. En informasjonskapsel er en enkel liten fil som sendes med sidene p\u00e5 dette nettstedet og\/eller Flash-applikasjoner og lagres av nettleseren din p\u00e5 harddisken til datamaskinen, mobiltelefonen, smartklokken eller nettbrettet ditt. Informasjonen som lagres der kan sendes tilbake til v\u00e5re servere ved ditt neste bes\u00f8k. Bruken av informasjonskapsler er veldig viktig [&hellip;]","og_url":"https:\/\/staging.sunvig.com\/no\/cookie-erklaering\/","og_site_name":"SUNVIG","article_modified_time":"2025-03-28T10:04:51+00:00","twitter_card":"summary_large_image","twitter_misc":{"Ansl. lesetid":"6 minutter"},"schema":{"@context":"https:\/\/schema.org","@graph":[{"@type":"WebPage","@id":"https:\/\/staging.sunvig.com\/no\/cookie-erklaering\/","url":"https:\/\/staging.sunvig.com\/no\/cookie-erklaering\/","name":"Cookie-erkl\u00e6ring - SUNVIG","isPartOf":{"@id":"https:\/\/staging.sunvig.com\/no\/#website"},"datePublished":"2024-01-22T20:18:10+00:00","dateModified":"2025-03-28T10:04:51+00:00","breadcrumb":{"@id":"https:\/\/staging.sunvig.com\/no\/cookie-erklaering\/#breadcrumb"},"inLanguage":"nb-NO","potentialAction":[{"@type":"ReadAction","target":["https:\/\/staging.sunvig.com\/no\/cookie-erklaering\/"]}]},{"@type":"BreadcrumbList","@id":"https:\/\/staging.sunvig.com\/no\/cookie-erklaering\/#breadcrumb","itemListElement":[{"@type":"ListItem","position":1,"name":"Home","item":"https:\/\/staging.sunvig.com\/no\/hjem\/"},{"@type":"ListItem","position":2,"name":"Cookie-erkl\u00e6ring"}]},{"@type":"WebSite","@id":"https:\/\/staging.sunvig.com\/no\/#website","url":"https:\/\/staging.sunvig.com\/no\/","name":"SUNVIG","description":"Karaoke Solutions","potentialAction":[{"@type":"SearchAction","target":{"@type":"EntryPoint","urlTemplate":"https:\/\/staging.sunvig.com\/no\/?s={search_term_string}"},"query-input":{"@type":"PropertyValueSpecification","valueRequired":true,"valueName":"search_term_string"}}],"inLanguage":"nb-NO"}]}},"_links":{"self":[{"href":"https:\/\/staging.sunvig.com\/no\/wp-json\/wp\/v2\/pages\/9401","targetHints":{"allow":["GET"]}}],"collection":[{"href":"https:\/\/staging.sunvig.com\/no\/wp-json\/wp\/v2\/pages"}],"about":[{"href":"https:\/\/staging.sunvig.com\/no\/wp-json\/wp\/v2\/types\/page"}],"author":[{"embeddable":true,"href":"https:\/\/staging.sunvig.com\/no\/wp-json\/wp\/v2\/users\/2"}],"replies":[{"embeddable":true,"href":"https:\/\/staging.sunvig.com\/no\/wp-json\/wp\/v2\/comments?post=9401"}],"version-history":[{"count":1,"href":"https:\/\/staging.sunvig.com\/no\/wp-json\/wp\/v2\/pages\/9401\/revisions"}],"predecessor-version":[{"id":9402,"href":"https:\/\/staging.sunvig.com\/no\/wp-json\/wp\/v2\/pages\/9401\/revisions\/9402"}],"wp:attachment":[{"href":"https:\/\/staging.sunvig.com\/no\/wp-json\/wp\/v2\/media?parent=9401"}],"curies":[{"name":"wp","href":"https:\/\/api.w.org\/{rel}","templated":true}]}}