{"id":9363,"date":"2024-01-23T19:27:16","date_gmt":"2024-01-23T18:27:16","guid":{"rendered":"https:\/\/sunvig.com\/blogg\/"},"modified":"2025-03-28T07:56:11","modified_gmt":"2025-03-28T06:56:11","slug":"blogg","status":"publish","type":"page","link":"https:\/\/staging.sunvig.com\/no\/blogg\/","title":{"rendered":"Blogg"},"content":{"rendered":"\t\t<div data-elementor-type=\"wp-page\" data-elementor-id=\"9363\" class=\"elementor elementor-9363 elementor-727\" data-elementor-post-type=\"page\">\n\t\t\t\t<div class=\"elementor-element elementor-element-9bb350b e-flex e-con-boxed e-con e-parent\" data-id=\"9bb350b\" data-element_type=\"container\" data-e-type=\"container\" data-settings=\"{&quot;background_background&quot;:&quot;gradient&quot;,&quot;jet_parallax_layout_list&quot;:[],&quot;shape_divider_bottom&quot;:&quot;curve&quot;,&quot;shape_divider_bottom_negative&quot;:&quot;yes&quot;}\">\n\t\t\t\t\t<div class=\"e-con-inner\">\n\t\t\t\t<div class=\"elementor-shape elementor-shape-bottom\" aria-hidden=\"true\" data-negative=\"true\">\n\t\t\t<svg xmlns=\"http:\/\/www.w3.org\/2000\/svg\" viewBox=\"0 0 1000 100\" preserveAspectRatio=\"none\">\n\t<path class=\"elementor-shape-fill\" d=\"M500,97C126.7,96.3,0.8,19.8,0,0v100l1000,0V1C1000,19.4,873.3,97.8,500,97z\"\/>\n<\/svg>\t\t<\/div>\n\t\t\t\t<div class=\"elementor-element elementor-element-820a814 elementor-widget elementor-widget-heading\" data-id=\"820a814\" data-element_type=\"widget\" data-e-type=\"widget\" data-widget_type=\"heading.default\">\n\t\t\t\t<div class=\"elementor-widget-container\">\n\t\t\t\t\t<h1 class=\"elementor-heading-title elementor-size-default\">Blogg<\/h1>\t\t\t\t<\/div>\n\t\t\t\t<\/div>\n\t\t\t\t<div class=\"elementor-element elementor-element-cd5a7e3 elementor-widget elementor-widget-heading\" data-id=\"cd5a7e3\" data-element_type=\"widget\" data-e-type=\"widget\" data-widget_type=\"heading.default\">\n\t\t\t\t<div class=\"elementor-widget-container\">\n\t\t\t\t\t<h2 class=\"elementor-heading-title elementor-size-default\">LA OSS SNakke KARAOKE.<\/h2>\t\t\t\t<\/div>\n\t\t\t\t<\/div>\n\t\t\t\t\t<\/div>\n\t\t\t\t<\/div>\n\t\t<div class=\"elementor-element elementor-element-4013225 e-flex e-con-boxed e-con e-parent\" data-id=\"4013225\" data-element_type=\"container\" data-e-type=\"container\" data-settings=\"{&quot;jet_parallax_layout_list&quot;:[],&quot;background_background&quot;:&quot;classic&quot;}\">\n\t\t\t\t\t<div class=\"e-con-inner\">\n\t\t\t\t<div class=\"elementor-element elementor-element-6065bf4 elementor-widget elementor-widget-jet-posts\" data-id=\"6065bf4\" data-element_type=\"widget\" data-e-type=\"widget\" data-settings=\"{&quot;columns_tablet&quot;:&quot;2&quot;,&quot;columns_mobile&quot;:&quot;1&quot;,&quot;columns&quot;:3,&quot;slides_to_scroll&quot;:&quot;1&quot;}\" data-widget_type=\"jet-posts.default\">\n\t\t\t\t<div class=\"elementor-widget-container\">\n\t\t\t\t\t<div class=\"elementor-jet-posts jet-elements\"><div class=\"jet-posts col-row  jet-equal-cols\"><\/div>\n<\/div>\t\t\t\t<\/div>\n\t\t\t\t<\/div>\n\t\t\t\t\t<\/div>\n\t\t\t\t<\/div>\n\t\t\t\t<\/div>\n\t\t","protected":false},"excerpt":{"rendered":"<p>Blogg LA OSS SNakke KARAOKE. TIPS BUILDING YOUR OWN PRIVATE KARAOKE ROOM &#8211; 5 TIPS Are you building your own private karaoke room? You are taking a great step towards success! Below we share 5&hellip;Les mer&#8230; CLOSER LOOK CLOSER LOOK &#8211; DUKE OF TOKYO In the heart of Amsterdam, Rotterdam, and Utrecht lies a hidden [&hellip;]<\/p>\n","protected":false},"author":2,"featured_media":14054,"parent":0,"menu_order":0,"comment_status":"closed","ping_status":"closed","template":"","meta":{"_acf_changed":false,"_improvement_type_select":"improve_an_existing","_thumb_yes_seoaic":false,"_frame_yes_seoaic":false,"seoaic_generate_description":"","seoaic_improve_instructions_prompt":"","seoaic_rollback_content_improvement":"","seoaic_idea_thumbnail_generator":"","thumbnail_generated":false,"thumbnail_generate_prompt":"","seoaic_article_description":"","footnotes":""},"class_list":["post-9363","page","type-page","status-publish","has-post-thumbnail","hentry"],"acf":[],"yoast_head":"<!-- This site is optimized with the Yoast SEO Premium plugin v25.3.1 (Yoast SEO v27.1.1) - https:\/\/yoast.com\/product\/yoast-seo-premium-wordpress\/ -->\n<title>Blogg - SUNVIG<\/title>\n<meta name=\"description\" content=\"Tips, nyheter og et n\u00e6rmere blikk p\u00e5 noen av SUNVIGs verdsatte kunder. Les alt om det i v\u00e5r blogg full av interessante artikler.\" \/>\n<meta name=\"robots\" content=\"noindex, follow, max-snippet:-1, max-image-preview:large, max-video-preview:-1\" \/>\n<meta property=\"og:locale\" content=\"nb_NO\" \/>\n<meta property=\"og:type\" content=\"article\" \/>\n<meta property=\"og:title\" content=\"Blogg\" \/>\n<meta property=\"og:description\" content=\"Tips, nyheter og et n\u00e6rmere blikk p\u00e5 noen av SUNVIGs verdsatte kunder. Les alt om det i v\u00e5r blogg full av interessante artikler.\" \/>\n<meta property=\"og:url\" content=\"https:\/\/staging.sunvig.com\/no\/blogg\/\" \/>\n<meta property=\"og:site_name\" content=\"SUNVIG\" \/>\n<meta property=\"article:modified_time\" content=\"2025-03-28T06:56:11+00:00\" \/>\n<meta property=\"og:image\" content=\"https:\/\/staging.sunvig.com\/wp-content\/uploads\/2024\/02\/Private-Karaoke-Room.png\" \/>\n<meta name=\"twitter:card\" content=\"summary_large_image\" \/>\n<meta name=\"twitter:label1\" content=\"Ansl. lesetid\" \/>\n\t<meta name=\"twitter:data1\" content=\"2 minutter\" \/>\n<script type=\"application\/ld+json\" class=\"yoast-schema-graph\">{\"@context\":\"https:\/\/schema.org\",\"@graph\":[{\"@type\":\"WebPage\",\"@id\":\"https:\/\/staging.sunvig.com\/no\/blogg\/\",\"url\":\"https:\/\/staging.sunvig.com\/no\/blogg\/\",\"name\":\"Blogg - SUNVIG\",\"isPartOf\":{\"@id\":\"https:\/\/staging.sunvig.com\/no\/#website\"},\"primaryImageOfPage\":{\"@id\":\"https:\/\/staging.sunvig.com\/no\/blogg\/#primaryimage\"},\"image\":{\"@id\":\"https:\/\/staging.sunvig.com\/no\/blogg\/#primaryimage\"},\"thumbnailUrl\":\"https:\/\/staging.sunvig.com\/wp-content\/uploads\/2024\/02\/IAAPA-3-1-1536x1024-1.jpg\",\"datePublished\":\"2024-01-23T18:27:16+00:00\",\"dateModified\":\"2025-03-28T06:56:11+00:00\",\"description\":\"Tips, nyheter og et n\u00e6rmere blikk p\u00e5 noen av SUNVIGs verdsatte kunder. Les alt om det i v\u00e5r blogg full av interessante artikler.\",\"breadcrumb\":{\"@id\":\"https:\/\/staging.sunvig.com\/no\/blogg\/#breadcrumb\"},\"inLanguage\":\"nb-NO\",\"potentialAction\":[{\"@type\":\"ReadAction\",\"target\":[\"https:\/\/staging.sunvig.com\/no\/blogg\/\"]}]},{\"@type\":\"ImageObject\",\"inLanguage\":\"nb-NO\",\"@id\":\"https:\/\/staging.sunvig.com\/no\/blogg\/#primaryimage\",\"url\":\"https:\/\/staging.sunvig.com\/wp-content\/uploads\/2024\/02\/IAAPA-3-1-1536x1024-1.jpg\",\"contentUrl\":\"https:\/\/staging.sunvig.com\/wp-content\/uploads\/2024\/02\/IAAPA-3-1-1536x1024-1.jpg\",\"width\":1536,\"height\":1024,\"caption\":\"SUNVIG Blog for tips, news and karaoke business projects.\"},{\"@type\":\"BreadcrumbList\",\"@id\":\"https:\/\/staging.sunvig.com\/no\/blogg\/#breadcrumb\",\"itemListElement\":[{\"@type\":\"ListItem\",\"position\":1,\"name\":\"Home\",\"item\":\"https:\/\/staging.sunvig.com\/no\/hjem\/\"},{\"@type\":\"ListItem\",\"position\":2,\"name\":\"Blogg\"}]},{\"@type\":\"WebSite\",\"@id\":\"https:\/\/staging.sunvig.com\/no\/#website\",\"url\":\"https:\/\/staging.sunvig.com\/no\/\",\"name\":\"SUNVIG\",\"description\":\"Karaoke Solutions\",\"potentialAction\":[{\"@type\":\"SearchAction\",\"target\":{\"@type\":\"EntryPoint\",\"urlTemplate\":\"https:\/\/staging.sunvig.com\/no\/?s={search_term_string}\"},\"query-input\":{\"@type\":\"PropertyValueSpecification\",\"valueRequired\":true,\"valueName\":\"search_term_string\"}}],\"inLanguage\":\"nb-NO\"}]}<\/script>\n<!-- \/ Yoast SEO Premium plugin. -->","yoast_head_json":{"title":"Blogg - SUNVIG","description":"Tips, nyheter og et n\u00e6rmere blikk p\u00e5 noen av SUNVIGs verdsatte kunder. Les alt om det i v\u00e5r blogg full av interessante artikler.","robots":{"index":"noindex","follow":"follow","max-snippet":"max-snippet:-1","max-image-preview":"max-image-preview:large","max-video-preview":"max-video-preview:-1"},"og_locale":"nb_NO","og_type":"article","og_title":"Blogg","og_description":"Tips, nyheter og et n\u00e6rmere blikk p\u00e5 noen av SUNVIGs verdsatte kunder. Les alt om det i v\u00e5r blogg full av interessante artikler.","og_url":"https:\/\/staging.sunvig.com\/no\/blogg\/","og_site_name":"SUNVIG","article_modified_time":"2025-03-28T06:56:11+00:00","og_image":[{"url":"https:\/\/staging.sunvig.com\/wp-content\/uploads\/2024\/02\/Private-Karaoke-Room.png","type":"","width":"","height":""}],"twitter_card":"summary_large_image","twitter_misc":{"Ansl. lesetid":"2 minutter"},"schema":{"@context":"https:\/\/schema.org","@graph":[{"@type":"WebPage","@id":"https:\/\/staging.sunvig.com\/no\/blogg\/","url":"https:\/\/staging.sunvig.com\/no\/blogg\/","name":"Blogg - SUNVIG","isPartOf":{"@id":"https:\/\/staging.sunvig.com\/no\/#website"},"primaryImageOfPage":{"@id":"https:\/\/staging.sunvig.com\/no\/blogg\/#primaryimage"},"image":{"@id":"https:\/\/staging.sunvig.com\/no\/blogg\/#primaryimage"},"thumbnailUrl":"https:\/\/staging.sunvig.com\/wp-content\/uploads\/2024\/02\/IAAPA-3-1-1536x1024-1.jpg","datePublished":"2024-01-23T18:27:16+00:00","dateModified":"2025-03-28T06:56:11+00:00","description":"Tips, nyheter og et n\u00e6rmere blikk p\u00e5 noen av SUNVIGs verdsatte kunder. Les alt om det i v\u00e5r blogg full av interessante artikler.","breadcrumb":{"@id":"https:\/\/staging.sunvig.com\/no\/blogg\/#breadcrumb"},"inLanguage":"nb-NO","potentialAction":[{"@type":"ReadAction","target":["https:\/\/staging.sunvig.com\/no\/blogg\/"]}]},{"@type":"ImageObject","inLanguage":"nb-NO","@id":"https:\/\/staging.sunvig.com\/no\/blogg\/#primaryimage","url":"https:\/\/staging.sunvig.com\/wp-content\/uploads\/2024\/02\/IAAPA-3-1-1536x1024-1.jpg","contentUrl":"https:\/\/staging.sunvig.com\/wp-content\/uploads\/2024\/02\/IAAPA-3-1-1536x1024-1.jpg","width":1536,"height":1024,"caption":"SUNVIG Blog for tips, news and karaoke business projects."},{"@type":"BreadcrumbList","@id":"https:\/\/staging.sunvig.com\/no\/blogg\/#breadcrumb","itemListElement":[{"@type":"ListItem","position":1,"name":"Home","item":"https:\/\/staging.sunvig.com\/no\/hjem\/"},{"@type":"ListItem","position":2,"name":"Blogg"}]},{"@type":"WebSite","@id":"https:\/\/staging.sunvig.com\/no\/#website","url":"https:\/\/staging.sunvig.com\/no\/","name":"SUNVIG","description":"Karaoke Solutions","potentialAction":[{"@type":"SearchAction","target":{"@type":"EntryPoint","urlTemplate":"https:\/\/staging.sunvig.com\/no\/?s={search_term_string}"},"query-input":{"@type":"PropertyValueSpecification","valueRequired":true,"valueName":"search_term_string"}}],"inLanguage":"nb-NO"}]}},"_links":{"self":[{"href":"https:\/\/staging.sunvig.com\/no\/wp-json\/wp\/v2\/pages\/9363","targetHints":{"allow":["GET"]}}],"collection":[{"href":"https:\/\/staging.sunvig.com\/no\/wp-json\/wp\/v2\/pages"}],"about":[{"href":"https:\/\/staging.sunvig.com\/no\/wp-json\/wp\/v2\/types\/page"}],"author":[{"embeddable":true,"href":"https:\/\/staging.sunvig.com\/no\/wp-json\/wp\/v2\/users\/2"}],"replies":[{"embeddable":true,"href":"https:\/\/staging.sunvig.com\/no\/wp-json\/wp\/v2\/comments?post=9363"}],"version-history":[{"count":1,"href":"https:\/\/staging.sunvig.com\/no\/wp-json\/wp\/v2\/pages\/9363\/revisions"}],"predecessor-version":[{"id":9364,"href":"https:\/\/staging.sunvig.com\/no\/wp-json\/wp\/v2\/pages\/9363\/revisions\/9364"}],"wp:featuredmedia":[{"embeddable":true,"href":"https:\/\/staging.sunvig.com\/no\/wp-json\/wp\/v2\/media\/14054"}],"wp:attachment":[{"href":"https:\/\/staging.sunvig.com\/no\/wp-json\/wp\/v2\/media?parent=9363"}],"curies":[{"name":"wp","href":"https:\/\/api.w.org\/{rel}","templated":true}]}}