{"id":8715,"date":"2024-01-22T21:18:10","date_gmt":"2024-01-22T20:18:10","guid":{"rendered":"https:\/\/sunvig.com\/dichiarazione-sui-cookie\/"},"modified":"2025-03-06T11:26:51","modified_gmt":"2025-03-06T10:26:51","slug":"dichiarazione-sui-cookie","status":"publish","type":"page","link":"https:\/\/staging.sunvig.com\/it\/dichiarazione-sui-cookie\/","title":{"rendered":"Dichiarazione sui cookie"},"content":{"rendered":"\t\t<div data-elementor-type=\"wp-page\" data-elementor-id=\"8715\" class=\"elementor elementor-8715 elementor-694\" data-elementor-post-type=\"page\">\n\t\t\t\t<div class=\"elementor-element elementor-element-71e5265 e-flex e-con-boxed e-con e-parent\" data-id=\"71e5265\" data-element_type=\"container\" data-e-type=\"container\" data-settings=\"{&quot;background_background&quot;:&quot;gradient&quot;,&quot;jet_parallax_layout_list&quot;:[],&quot;shape_divider_bottom&quot;:&quot;curve&quot;,&quot;shape_divider_bottom_negative&quot;:&quot;yes&quot;}\">\n\t\t\t\t\t<div class=\"e-con-inner\">\n\t\t\t\t<div class=\"elementor-shape elementor-shape-bottom\" aria-hidden=\"true\" data-negative=\"true\">\n\t\t\t<svg xmlns=\"http:\/\/www.w3.org\/2000\/svg\" viewBox=\"0 0 1000 100\" preserveAspectRatio=\"none\">\n\t<path class=\"elementor-shape-fill\" d=\"M500,97C126.7,96.3,0.8,19.8,0,0v100l1000,0V1C1000,19.4,873.3,97.8,500,97z\"\/>\n<\/svg>\t\t<\/div>\n\t\t\t\t\t<\/div>\n\t\t\t\t<\/div>\n\t\t<div class=\"elementor-element elementor-element-9106183 e-flex e-con-boxed e-con e-parent\" data-id=\"9106183\" data-element_type=\"container\" data-e-type=\"container\" data-settings=\"{&quot;jet_parallax_layout_list&quot;:[]}\">\n\t\t\t\t\t<div class=\"e-con-inner\">\n\t\t\t\t<div class=\"elementor-element elementor-element-5334ace elementor-widget elementor-widget-text-editor\" data-id=\"5334ace\" data-element_type=\"widget\" data-e-type=\"widget\" data-widget_type=\"text-editor.default\">\n\t\t\t\t<div class=\"elementor-widget-container\">\n\t\t\t\t\t\t\t\t\t\n<ol>\n \t<li>Questo sito web www.sunvig.com utilizza i cookie. Un cookie \u00e8 un semplice piccolo file che viene inviato con le pagine di questo sito web e\/o con le applicazioni Flash e memorizzato dal tuo browser sul disco rigido del tuo computer, cellulare, smartwatch o tablet. Le informazioni memorizzate al suo interno possono essere inviate ai nostri server durante la tua prossima visita.  <\/li>\n<\/ol>\n<p class=\"has-primary-color has-text-color\">L&#8217;uso dei cookie \u00e8 molto importante per il corretto funzionamento del nostro sito web, ma anche i cookie il cui effetto non si vede immediatamente sono altrettanto importanti. Grazie all&#8217;inserimento (anonimo) dei visitatori, possiamo migliorare l&#8217;uso del sito e renderlo pi\u00f9 facile da usare. <\/p>\n\n<ol class=\"has-primary-color has-text-color\" start=\"2\">\n \t<li>CONSENSO PER L&#8217;UTILIZZO DEI COOKIE<\/li>\n<\/ol>\n<p class=\"has-primary-color has-text-color\">Per l&#8217;uso di alcuni cookie \u00e8 richiesto il tuo permesso. Lo facciamo tramite un cosiddetto banner dei cookie. <\/p>\n\n<ol class=\"has-primary-color has-text-color\" start=\"3\">\n \t<li>TIPI DI COOKIE E I LORO SCOPO<\/li>\n<\/ol>\n<p class=\"has-primary-color has-text-color\">Utilizziamo i seguenti tipi di cookie:<\/p>\n<p class=\"has-primary-color has-text-color\">Functional cookies: these allow the website to function better and be more user-friendly for the visitor. For example: we save your login details or what you put in your shopping basket. <\/p>\n\n<ul class=\"has-primary-color has-text-color\">\n \t<li>Cookie analitici anonimi: questi garantiscono che ogni volta che visiti un sito web venga generato un cookie anonimo. Questi cookie sanno se hai gi\u00e0 visitato il sito o meno. Solo al primo accesso viene creato un cookie, mentre nelle visite successive viene utilizzato quello gi\u00e0 esistente. Questo cookie viene utilizzato solo per scopi statistici. In questo modo, i seguenti dati possono essere raccolti:    <\/li>\n \t<li>Il numero di visitatori unici<\/li>\n \t<li>La frequenza con cui gli utenti visitano il sito<\/li>\n \t<li>Le pagine visualizzate dagli utenti<\/li>\n \t<li>Per quanto tempo gli utenti visualizzano una determinata pagina<\/li>\n \t<li>Da quale pagina i visitatori lasciano il sito<\/li>\n \t<li>Cookie analitici: questi garantiscono che ogni volta che visiti un sito web venga generato un cookie. Questi cookie sanno se hai gi\u00e0 visitato il sito o meno. Solo al primo accesso viene generato un cookie, mentre nelle visite successive viene utilizzato quello gi\u00e0 esistente. Questo cookie viene utilizzato solo per scopi statistici. Pu\u00f2 essere utilizzato per raccogliere i seguenti dati, come:    <\/li>\n \t<li>Le pagine che hai visualizzato<\/li>\n \t<li>Per quanto tempo sei rimasto su una determinata pagina<\/li>\n \t<li>Da quale pagina hai lasciato il sito<\/li>\n \t<li>Cookie di tracciamento propri: questi ci permettono di sapere che, oltre al nostro sito web, hai visitato altri siti web nella nostra rete. Il profilo creato a seguito di ci\u00f2 non \u00e8 collegato al tuo nome, indirizzo, indirizzo email e simili, ma viene utilizzato solo per adattare le pubblicit\u00e0 al tuo profilo, affinch\u00e9 siano il pi\u00f9 rilevanti possibile per te. Per questi cookie chiediamo il tuo permesso. Senza il tuo permesso, questi cookie non verranno inseriti.   <\/li>\n \t<li>Cookie di tracciamento di terzi: questi tengono traccia delle pagine che visiti su Internet per costruire il tuo profilo personale. Questo profilo non \u00e8 collegato al tuo nome, indirizzo, indirizzo email e simili come conosciuti da noi, ma viene utilizzato solo per adattare le pubblicit\u00e0 al tuo profilo, affinch\u00e9 siano il pi\u00f9 rilevanti possibile per te. Per questi cookie chiediamo il tuo permesso. Senza il tuo permesso, questi cookie non verranno inseriti.   <\/li>\n \t<li>Cookie legati ai social media: questi registrano quali articoli e pagine condividi tramite i loro pulsanti di condivisione sui social media, come Facebook e LinkedIn. Possono anche contenere cookie di tracciamento che seguono il tuo comportamento di navigazione sul web. <\/li>\n \t<li>Cookie per il miglioramento del sito\/ottimizzazione: questi ci permettono di testare diverse versioni di una pagina web per vedere quale riceve il maggior numero di visite.<\/li>\n<\/ul>\n<ol class=\"has-primary-color has-text-color\" start=\"4\">\n \t<li>I TUOI DIRITTI IN RELAZIONE AI TUOI DATI<\/li>\n<\/ol>\n<p class=\"has-primary-color has-text-color\">Hai il diritto di accedere, rettificare, limitare ed eliminare i dati personali. Inoltre, hai il diritto di opporti al trattamento dei dati personali e il diritto alla portabilit\u00e0 dei dati. Puoi esercitare questi diritti inviando un&#8217;email a <a href=\"mailto:support@sunvig.com\">support@sunvig.com<\/a>. Per prevenire abusi, potremmo chiederti di identificarti adeguatamente. Per quanto riguarda l&#8217;accesso ai dati personali legati a un cookie, ti chiediamo di inviare una copia del cookie in questione. Puoi trovarlo nelle impostazioni del tuo browser.<br>     <\/p>\n\n<ol class=\"has-primary-color has-text-color\" start=\"5\">\n \t<li>BLOCCARE E CANCELLARE I COOKIE<\/li>\n<\/ol>\n<p class=\"has-primary-color has-text-color\">Puoi facilmente bloccare e cancellare i cookie in qualsiasi momento utilizzando il tuo browser internet. Puoi anche impostare il tuo browser in modo da ricevere un avviso quando viene posizionato un cookie. Inoltre, puoi indicare che determinati cookie non dovrebbero essere posizionati. Per questa opzione, consulta la funzione di aiuto del tuo browser. Cancellare i cookie nel tuo browser potrebbe avere delle conseguenze sull&#8217;uso piacevole di questo sito web.    <\/p>\n<p class=\"has-primary-color has-text-color\">Come puoi regolare le tue impostazioni dipende dal browser che utilizzi. Se necessario, consulta la funzione di aiuto del tuo browser, oppure clicca su uno dei link sottostanti per accedere direttamente al manuale del tuo browser. <\/p>\n\n<ul class=\"has-primary-color has-text-color\">\n \t<li><a href=\"https:\/\/support.google.com\/chrome\/answer\/95647?hl=nl\">Chrome<\/a><\/li>\n \t<li><a href=\"https:\/\/support.apple.com\/nl-nl\/HT201265\">Safari<\/a><\/li>\n \t<li><a href=\"https:\/\/support.mozilla.org\/nl\/kb\/cookies-verwijderen-gegevens-wissen-websites-opgeslagen\">Firefox<\/a><\/li>\n \t<li><a href=\"https:\/\/support.microsoft.com\/en-us\/windows\/microsoft-edge-browsing-data-and-privacy-bb8174ba-9d73-dcf2-9b4a-c582b4e640dd\">Internet Explorer Edge<\/a><\/li>\n<\/ul>\n<p class=\"has-primary-color has-text-color\"><strong>Eliminare la cronologia dei cookie<\/strong><\/p>\n<p class=\"has-primary-color has-text-color\">Se hai scelto di &#8216;rifiutare i cookie di marketing&#8217; sopra, questi cookie non verranno pi\u00f9 inseriti da quel momento in poi. Se desideri anche eliminare la cronologia dei cookie, puoi farlo per i diversi browser nel modo che segue. <\/p>\n\n<h4 class=\"wp-block-heading has-primary-color has-text-color\">ELIMINARE I COOKIE IN CHROME:<\/h4>\n<ul class=\"has-primary-color has-text-color\">\n \t<li>Clicca sui 3 puntini in alto a destra. Clicca su Cronologia &gt; Elimina dati di navigazione. <\/li>\n \t<li>Nel menu &#8220;Elimina dati di navigazione&#8221;, hai l&#8217;opzione in alto di eliminare i dati di navigazione dall&#8217;inizio dell&#8217;uso fino all&#8217;ultima ora. Sotto, puoi scegliere quali elementi desideri eliminare. In ogni caso, seleziona &#8220;Cookie e altri dati dei siti e plugin&#8221;.  <\/li>\n \t<li>Premi il pulsante &#8220;Elimina dati di navigazione&#8221;.<\/li>\n<\/ul>\n<h4 class=\"wp-block-heading has-primary-color has-text-color\">ELIMINARE I COOKIE IN SAFARI:<\/h4>\n<ul class=\"has-primary-color has-text-color\">\n \t<li>Apri Safari e vai su Safarii &gt; Preferenze&gt; Privacy &gt; Elimina cookie e dati salvati &gt; Gestisci i dati dei siti web &gt; Elimina tutto.<\/li>\n<\/ul>\n<h4 class=\"wp-block-heading has-primary-color has-text-color\">ELIMINARE I COOKIE IN FIREFOX:<\/h4>\n<ul class=\"has-primary-color has-text-color\">\n \t<li>Clicca sulle 3 linee in alto a destra, seleziona Opzioni &gt; Privacy &gt;<br>Elimina cookie individuali. Da qui, puoi selezionare i singoli cookie che desideri eliminare.<\/li>\n \t<li>Clicca su &#8220;Elimina tutto&#8221;.<\/li>\n<\/ul>\n<h4 class=\"wp-block-heading has-primary-color has-text-color\">ELIMINARE I COOKIE IN MICROSOFT EDGE:<\/h4>\n<ul class=\"has-primary-color has-text-color\">\n \t<li>Clicca sui 3 puntini in alto a destra &gt; Impostazioni. Sotto la sezione \u2018Cancella dati di navigazione\u2019, clicca sull\u2019opzione \u2018Scegli cosa eliminare\u2019. <\/li>\n \t<li>Seleziona i cookie (preselezionati) &gt; Premi il pulsante \u2018Elimina\u2019.<\/li>\n<\/ul>\n<h4 class=\"wp-block-heading has-primary-color has-text-color\">ELIMINARE I COOKIE IN INTERNET EXPLORER:<\/h4>\n<ul class=\"has-primary-color has-text-color\">\n \t<li>Clicca sull&#8217;icona dell&#8217;ingranaggio nell&#8217;angolo in alto a destra &gt; seleziona Opzioni Internet &gt; nella scheda Generale, sotto \u2018Cronologia esplorazioni\u2019, clicca su Elimina. <\/li>\n \t<li>Non vuoi eliminare tutto? Allora seleziona almeno \u2018Cookie e dati dei siti web\u2019 e clicca su \u2018Elimina\u2019. <\/li>\n<\/ul>\n<ol class=\"has-primary-color has-text-color\" start=\"6\">\n \t<li>NUOVI SVILUPPI E COOKIE IMPREVISTI<\/li>\n<\/ol>\n<p class=\"has-primary-color has-text-color\">I testi del nostro sito web possono essere modificati in qualsiasi momento a causa degli sviluppi in corso. Ci\u00f2 vale anche per la nostra dichiarazione sui cookie. Pertanto, ti invitiamo a leggere regolarmente questa dichiarazione per rimanere aggiornato su eventuali modifiche.  <\/p>\n<p class=\"has-primary-color has-text-color\">Negli articoli del blog, potrebbero essere utilizzati contenuti ospitati su altri siti e accessibili su www.sunvig.com tramite determinati codici (contenuti incorporati). Ad esempio, pensa ai video di YouTube. Questi codici spesso fanno uso di cookie. Tuttavia, non abbiamo alcun controllo su cosa facciano questi terzi con i loro cookie.   <\/p>\n<p class=\"has-primary-color has-text-color\">\u00c8 anche possibile che tramite i nostri siti web vengano posizionati cookie da parte di terzi, di cui non siamo sempre a conoscenza. Se incontri cookie imprevisti sul nostro sito che non puoi trovare nel nostro riepilogo, ti preghiamo di farcelo sapere tramite support@sunvig.com. Puoi anche contattare direttamente il terzo e chiedere quali cookie hanno posizionato, il motivo, la durata del cookie e come hanno garantito la tua privacy.   <\/p>\n\n<ol class=\"has-primary-color has-text-color\" start=\"7\">\n \t<li>CONCLUSIONI<\/li>\n<\/ol>\n<p class=\"has-primary-color has-text-color\">Dovremo aggiornare queste dichiarazioni di tanto in tanto, ad esempio quando apportiamo modifiche al nostro sito web o quando cambiano le normative sui cookie. Puoi consultare questa pagina per l&#8217;ultima versione. <\/p>\n<p class=\"has-primary-color has-text-color\">Se hai domande e\/o osservazioni, contatta <a href=\"mailto:support@sunvig.com\">support@sunvig.com<\/a> .<\/p>\n<p class=\"has-primary-color has-text-color\">April 15, 2021 \u2013 SUNVIG B.V.<\/p>\t\t\t\t\t\t\t\t<\/div>\n\t\t\t\t<\/div>\n\t\t\t\t\t<\/div>\n\t\t\t\t<\/div>\n\t\t\t\t<\/div>\n\t\t","protected":false},"excerpt":{"rendered":"<p>Questo sito web www.sunvig.com utilizza i cookie. Un cookie \u00e8 un semplice piccolo file che viene inviato con le pagine di questo sito web e\/o con le applicazioni Flash e memorizzato dal tuo browser sul disco rigido del tuo computer, cellulare, smartwatch o tablet. Le informazioni memorizzate al suo interno possono essere inviate ai nostri [&hellip;]<\/p>\n","protected":false},"author":2,"featured_media":0,"parent":0,"menu_order":0,"comment_status":"closed","ping_status":"closed","template":"","meta":{"_acf_changed":false,"_improvement_type_select":"improve_an_existing","_thumb_yes_seoaic":false,"_frame_yes_seoaic":false,"seoaic_generate_description":"","seoaic_improve_instructions_prompt":"","seoaic_rollback_content_improvement":"","seoaic_idea_thumbnail_generator":"","thumbnail_generated":false,"thumbnail_generate_prompt":"","seoaic_article_description":"","footnotes":""},"class_list":["post-8715","page","type-page","status-publish","hentry"],"acf":[],"yoast_head":"<!-- This site is optimized with the Yoast SEO Premium plugin v25.3.1 (Yoast SEO v27.1.1) - https:\/\/yoast.com\/product\/yoast-seo-premium-wordpress\/ -->\n<title>Dichiarazione sui cookie - SUNVIG<\/title>\n<meta name=\"robots\" content=\"noindex, follow, max-snippet:-1, max-image-preview:large, max-video-preview:-1\" \/>\n<meta property=\"og:locale\" content=\"it_IT\" \/>\n<meta property=\"og:type\" content=\"article\" \/>\n<meta property=\"og:title\" content=\"Dichiarazione sui cookie\" \/>\n<meta property=\"og:description\" content=\"Questo sito web www.sunvig.com utilizza i cookie. Un cookie \u00e8 un semplice piccolo file che viene inviato con le pagine di questo sito web e\/o con le applicazioni Flash e memorizzato dal tuo browser sul disco rigido del tuo computer, cellulare, smartwatch o tablet. Le informazioni memorizzate al suo interno possono essere inviate ai nostri [&hellip;]\" \/>\n<meta property=\"og:url\" content=\"https:\/\/staging.sunvig.com\/it\/dichiarazione-sui-cookie\/\" \/>\n<meta property=\"og:site_name\" content=\"SUNVIG\" \/>\n<meta property=\"article:modified_time\" content=\"2025-03-06T10:26:51+00:00\" \/>\n<meta name=\"twitter:card\" content=\"summary_large_image\" \/>\n<meta name=\"twitter:label1\" content=\"Tempo di lettura stimato\" \/>\n\t<meta name=\"twitter:data1\" content=\"6 minuti\" \/>\n<script type=\"application\/ld+json\" class=\"yoast-schema-graph\">{\"@context\":\"https:\/\/schema.org\",\"@graph\":[{\"@type\":\"WebPage\",\"@id\":\"https:\/\/staging.sunvig.com\/it\/dichiarazione-sui-cookie\/\",\"url\":\"https:\/\/staging.sunvig.com\/it\/dichiarazione-sui-cookie\/\",\"name\":\"Dichiarazione sui cookie - SUNVIG\",\"isPartOf\":{\"@id\":\"https:\/\/staging.sunvig.com\/it\/#website\"},\"datePublished\":\"2024-01-22T20:18:10+00:00\",\"dateModified\":\"2025-03-06T10:26:51+00:00\",\"breadcrumb\":{\"@id\":\"https:\/\/staging.sunvig.com\/it\/dichiarazione-sui-cookie\/#breadcrumb\"},\"inLanguage\":\"it-IT\",\"potentialAction\":[{\"@type\":\"ReadAction\",\"target\":[\"https:\/\/staging.sunvig.com\/it\/dichiarazione-sui-cookie\/\"]}]},{\"@type\":\"BreadcrumbList\",\"@id\":\"https:\/\/staging.sunvig.com\/it\/dichiarazione-sui-cookie\/#breadcrumb\",\"itemListElement\":[{\"@type\":\"ListItem\",\"position\":1,\"name\":\"Home\",\"item\":\"https:\/\/staging.sunvig.com\/it\/home\/\"},{\"@type\":\"ListItem\",\"position\":2,\"name\":\"Dichiarazione sui cookie\"}]},{\"@type\":\"WebSite\",\"@id\":\"https:\/\/staging.sunvig.com\/it\/#website\",\"url\":\"https:\/\/staging.sunvig.com\/it\/\",\"name\":\"SUNVIG\",\"description\":\"Karaoke Solutions\",\"potentialAction\":[{\"@type\":\"SearchAction\",\"target\":{\"@type\":\"EntryPoint\",\"urlTemplate\":\"https:\/\/staging.sunvig.com\/it\/?s={search_term_string}\"},\"query-input\":{\"@type\":\"PropertyValueSpecification\",\"valueRequired\":true,\"valueName\":\"search_term_string\"}}],\"inLanguage\":\"it-IT\"}]}<\/script>\n<!-- \/ Yoast SEO Premium plugin. -->","yoast_head_json":{"title":"Dichiarazione sui cookie - SUNVIG","robots":{"index":"noindex","follow":"follow","max-snippet":"max-snippet:-1","max-image-preview":"max-image-preview:large","max-video-preview":"max-video-preview:-1"},"og_locale":"it_IT","og_type":"article","og_title":"Dichiarazione sui cookie","og_description":"Questo sito web www.sunvig.com utilizza i cookie. Un cookie \u00e8 un semplice piccolo file che viene inviato con le pagine di questo sito web e\/o con le applicazioni Flash e memorizzato dal tuo browser sul disco rigido del tuo computer, cellulare, smartwatch o tablet. Le informazioni memorizzate al suo interno possono essere inviate ai nostri [&hellip;]","og_url":"https:\/\/staging.sunvig.com\/it\/dichiarazione-sui-cookie\/","og_site_name":"SUNVIG","article_modified_time":"2025-03-06T10:26:51+00:00","twitter_card":"summary_large_image","twitter_misc":{"Tempo di lettura stimato":"6 minuti"},"schema":{"@context":"https:\/\/schema.org","@graph":[{"@type":"WebPage","@id":"https:\/\/staging.sunvig.com\/it\/dichiarazione-sui-cookie\/","url":"https:\/\/staging.sunvig.com\/it\/dichiarazione-sui-cookie\/","name":"Dichiarazione sui cookie - SUNVIG","isPartOf":{"@id":"https:\/\/staging.sunvig.com\/it\/#website"},"datePublished":"2024-01-22T20:18:10+00:00","dateModified":"2025-03-06T10:26:51+00:00","breadcrumb":{"@id":"https:\/\/staging.sunvig.com\/it\/dichiarazione-sui-cookie\/#breadcrumb"},"inLanguage":"it-IT","potentialAction":[{"@type":"ReadAction","target":["https:\/\/staging.sunvig.com\/it\/dichiarazione-sui-cookie\/"]}]},{"@type":"BreadcrumbList","@id":"https:\/\/staging.sunvig.com\/it\/dichiarazione-sui-cookie\/#breadcrumb","itemListElement":[{"@type":"ListItem","position":1,"name":"Home","item":"https:\/\/staging.sunvig.com\/it\/home\/"},{"@type":"ListItem","position":2,"name":"Dichiarazione sui cookie"}]},{"@type":"WebSite","@id":"https:\/\/staging.sunvig.com\/it\/#website","url":"https:\/\/staging.sunvig.com\/it\/","name":"SUNVIG","description":"Karaoke Solutions","potentialAction":[{"@type":"SearchAction","target":{"@type":"EntryPoint","urlTemplate":"https:\/\/staging.sunvig.com\/it\/?s={search_term_string}"},"query-input":{"@type":"PropertyValueSpecification","valueRequired":true,"valueName":"search_term_string"}}],"inLanguage":"it-IT"}]}},"_links":{"self":[{"href":"https:\/\/staging.sunvig.com\/it\/wp-json\/wp\/v2\/pages\/8715","targetHints":{"allow":["GET"]}}],"collection":[{"href":"https:\/\/staging.sunvig.com\/it\/wp-json\/wp\/v2\/pages"}],"about":[{"href":"https:\/\/staging.sunvig.com\/it\/wp-json\/wp\/v2\/types\/page"}],"author":[{"embeddable":true,"href":"https:\/\/staging.sunvig.com\/it\/wp-json\/wp\/v2\/users\/2"}],"replies":[{"embeddable":true,"href":"https:\/\/staging.sunvig.com\/it\/wp-json\/wp\/v2\/comments?post=8715"}],"version-history":[{"count":1,"href":"https:\/\/staging.sunvig.com\/it\/wp-json\/wp\/v2\/pages\/8715\/revisions"}],"predecessor-version":[{"id":8716,"href":"https:\/\/staging.sunvig.com\/it\/wp-json\/wp\/v2\/pages\/8715\/revisions\/8716"}],"wp:attachment":[{"href":"https:\/\/staging.sunvig.com\/it\/wp-json\/wp\/v2\/media?parent=8715"}],"curies":[{"name":"wp","href":"https:\/\/api.w.org\/{rel}","templated":true}]}}